{"id":12807,"date":"2023-02-12T12:46:52","date_gmt":"2023-02-12T11:46:52","guid":{"rendered":"https:\/\/www.cosmacon.de\/?page_id=12807"},"modified":"2023-02-12T12:47:37","modified_gmt":"2023-02-12T11:47:37","slug":"skin-care-for-teens","status":"publish","type":"page","link":"https:\/\/relaunch.cosmacon.de\/en\/skin-care-for-teens\/","title":{"rendered":"Skin care for teens"},"content":{"rendered":"<p>&nbsp;<\/p>\n<p style=\"font-weight: 400;\"><img loading=\"lazy\" decoding=\"async\" class=\"alignright size-full wp-image-7641\" src=\"https:\/\/relaunch.cosmacon.de\/wp-content\/uploads\/2014\/09\/Teens.jpg\" alt=\"impure skin, acne, oily skin\" width=\"849\" height=\"566\" \/>Puberty is a time of change &#8211; this also applies to skin care for teens. The activation of sex hormones in the body dramatically changes the appearance of the skin. Young skin is somewhat unpredictable. It suddenly changes between an oily, sensitive, or irritated skin condition.<\/p>\n<p style=\"font-weight: 400;\">Each new surge of sex hormones increases sebum production and sweat gland secretion in teenagers and, in combination with increased keratinisation, is essentially responsible for oily, blemished skin. In severe cases, this even leads to acne.<\/p>\n<p>&nbsp;<\/p>\n<h3 style=\"font-weight: 400;\">Skin care for teens: clarifying products<\/h3>\n<p style=\"font-weight: 400;\">At the heart of a teen skincare regimen is a facial cleansing product that removes excess sebum and prevents cornification. The goal of skin care for teens is to rebalance the skin without irritating it. Care products that moisturise without being too greasy as well as peelings and pore-refining facial toners round off the range.<\/p>\n<p>&nbsp;<\/p>\n<h3 style=\"font-weight: 400;\">What skin care is important for teens?<\/h3>\n<p style=\"font-weight: 400;\">When it comes to skin care for teens, it is important to consider the individual skin type and establish a suitable care regime. Here are some tips:<\/p>\n<p>&nbsp;<\/p>\n<p style=\"font-weight: 400;\"><strong>&#8211; Cleansing: Use a mild cleansing lotion or soap to remove excess oil and dirt.<\/strong><\/p>\n<p style=\"font-weight: 400;\"><strong>&#8211; Moisturise: Use a moisturising lotion to prevent dry skin.<\/strong><\/p>\n<p style=\"font-weight: 400;\"><strong>&#8211; Sunscreen: Apply a high SPF sunscreen daily to protect against harmful UV rays.<\/strong><\/p>\n<p style=\"font-weight: 400;\"><strong>&#8211; Removing pimples: Use a mild remedy to remove pimples, but avoid squeezing them as this can cause scarring.<\/strong><\/p>\n<p style=\"font-weight: 400;\"><strong>&#8211; Face masks: Use face masks occasionally to cleanse and moisturise the skin.<\/strong><\/p>\n<p>&nbsp;<\/p>\n<p style=\"font-weight: 400;\">It is also important that teenagers drink enough water and eat a balanced diet with plenty of fresh fruit and vegetables to keep the skin healthy.<\/p>\n<p style=\"font-weight: 400;\">We are happy to develop skincare products for you that are specifically designed for the skin condition of teenagers.<\/p>\n<p>&nbsp;<\/p>\n<p style=\"font-weight: 400;\"><a href=\"https:\/\/relaunch.cosmacon.de\/en\/contact\/enquiry\/\" target=\"_blank\" rel=\"noopener\">If you would like to launch a range of skin care for teens or optimise existing products for this target group, please contact us!<\/a><\/p>\n<p>&nbsp;<\/p>\n<p style=\"font-weight: 400;\"><strong>Literature:<\/strong><\/p>\n<p style=\"font-weight: 400;\"><a href=\"https:\/\/pubmed.ncbi.nlm.nih.gov\/35967915\/\">An Overview of the Diagnosis and Management of Seborrheic Dermatitis.<\/a><\/p>\n<p style=\"font-weight: 400;\">Dall&#8217;Oglio F, Nasca MR, Gerbino C, Micali G.Clin Cosmet Investig Dermatol. 2022 Aug 6;15:1537-1548<\/p>\n<p style=\"font-weight: 400;\"><a href=\"https:\/\/pubmed.ncbi.nlm.nih.gov\/35700762\/\">Personal care product use and lifestyle affect phthalate and DINCH metabolite levels in teenagers and\u00a0<strong>young<\/strong>\u00a0adults.<\/a><\/p>\n<p style=\"font-weight: 400;\">Stuchl\u00edk Fi\u0161erov\u00e1 P, Melymuk L, Komprdov\u00e1 K, Dom\u00ednguez-Romero E, Scheringer M, Kohoutek J, P\u0159ibylov\u00e1 P, Andr\u00fdskov\u00e1 L, Piler P, Koch HM, Zvona\u0159 M, Esteban-L\u00f3pez M, Casta\u00f1o A, Kl\u00e1nov\u00e1 J.Environ Res. 2022 Oct;213:113675<\/p>\n<p style=\"font-weight: 400;\"><a href=\"https:\/\/pubmed.ncbi.nlm.nih.gov\/36345082\/\">Follow, filter, filler? Social media usage and\u00a0<strong>cosmetic<\/strong>\u00a0procedure intention, acceptance, and normalization among\u00a0<strong>young<\/strong>\u00a0adults.<\/a><\/p>\n<p style=\"font-weight: 400;\">Hermans AM, Boerman SC, Veldhuis J.Body Image. 2022 Dec;43:440-449<\/p>\n<p>&nbsp;<\/p>\n","protected":false},"excerpt":{"rendered":"<p>&nbsp; Puberty is a time of change &#8211; this also applies to skin care for teens. The activation of sex hormones in the body dramatically changes the appearance of the skin. Young skin is somewhat unpredictable. It suddenly changes between an oily, sensitive, or irritated skin condition. Each new surge of sex hormones increases sebum&hellip;<\/p>\n","protected":false},"author":2,"featured_media":0,"parent":0,"menu_order":0,"comment_status":"closed","ping_status":"closed","template":"","meta":{"footnotes":""},"yoast_head":"<!-- This site is optimized with the Yoast SEO plugin v22.0 - https:\/\/yoast.com\/wordpress\/plugins\/seo\/ -->\n<title>Skin care for teens - acne - oily skin - Cosmacon<\/title>\n<meta name=\"robots\" content=\"noindex, follow, max-snippet:-1, max-image-preview:large, max-video-preview:-1\" \/>\n<meta property=\"og:locale\" content=\"en_US\" \/>\n<meta property=\"og:type\" content=\"article\" \/>\n<meta property=\"og:title\" content=\"Skin care for teens - acne - oily skin - Cosmacon\" \/>\n<meta property=\"og:description\" content=\"&nbsp; Puberty is a time of change &#8211; this also applies to skin care for teens. The activation of sex hormones in the body dramatically changes the appearance of the skin. Young skin is somewhat unpredictable. It suddenly changes between an oily, sensitive, or irritated skin condition. Each new surge of sex hormones increases sebum&hellip;\" \/>\n<meta property=\"og:url\" content=\"https:\/\/relaunch.cosmacon.de\/en\/skin-care-for-teens\/\" \/>\n<meta property=\"og:site_name\" content=\"Cosmacon\" \/>\n<meta property=\"article:modified_time\" content=\"2023-02-12T11:47:37+00:00\" \/>\n<meta property=\"og:image\" content=\"https:\/\/relaunch.cosmacon.de\/wp-content\/uploads\/2014\/09\/Teens.jpg\" \/>\n<meta name=\"twitter:label1\" content=\"Est. reading time\" \/>\n\t<meta name=\"twitter:data1\" content=\"2 minutes\" \/>\n<script type=\"application\/ld+json\" class=\"yoast-schema-graph\">{\"@context\":\"https:\/\/schema.org\",\"@graph\":[{\"@type\":\"WebPage\",\"@id\":\"https:\/\/relaunch.cosmacon.de\/en\/skin-care-for-teens\/\",\"url\":\"https:\/\/relaunch.cosmacon.de\/en\/skin-care-for-teens\/\",\"name\":\"Skin care for teens - acne - oily skin - Cosmacon\",\"isPartOf\":{\"@id\":\"https:\/\/relaunch.cosmacon.de\/#website\"},\"datePublished\":\"2023-02-12T11:46:52+00:00\",\"dateModified\":\"2023-02-12T11:47:37+00:00\",\"inLanguage\":\"en-US\",\"potentialAction\":[{\"@type\":\"ReadAction\",\"target\":[\"https:\/\/relaunch.cosmacon.de\/en\/skin-care-for-teens\/\"]}]},{\"@type\":\"WebSite\",\"@id\":\"https:\/\/relaunch.cosmacon.de\/#website\",\"url\":\"https:\/\/relaunch.cosmacon.de\/\",\"name\":\"Cosmacon\",\"description\":\"\",\"potentialAction\":[{\"@type\":\"SearchAction\",\"target\":{\"@type\":\"EntryPoint\",\"urlTemplate\":\"https:\/\/relaunch.cosmacon.de\/?s={search_term_string}\"},\"query-input\":\"required name=search_term_string\"}],\"inLanguage\":\"en-US\"}]}<\/script>\n<!-- \/ Yoast SEO plugin. -->","yoast_head_json":{"title":"Skin care for teens - acne - oily skin - Cosmacon","robots":{"index":"noindex","follow":"follow","max-snippet":"max-snippet:-1","max-image-preview":"max-image-preview:large","max-video-preview":"max-video-preview:-1"},"og_locale":"en_US","og_type":"article","og_title":"Skin care for teens - acne - oily skin - Cosmacon","og_description":"&nbsp; Puberty is a time of change &#8211; this also applies to skin care for teens. The activation of sex hormones in the body dramatically changes the appearance of the skin. Young skin is somewhat unpredictable. It suddenly changes between an oily, sensitive, or irritated skin condition. Each new surge of sex hormones increases sebum&hellip;","og_url":"https:\/\/relaunch.cosmacon.de\/en\/skin-care-for-teens\/","og_site_name":"Cosmacon","article_modified_time":"2023-02-12T11:47:37+00:00","og_image":[{"url":"https:\/\/relaunch.cosmacon.de\/wp-content\/uploads\/2014\/09\/Teens.jpg"}],"twitter_misc":{"Est. reading time":"2 minutes"},"schema":{"@context":"https:\/\/schema.org","@graph":[{"@type":"WebPage","@id":"https:\/\/relaunch.cosmacon.de\/en\/skin-care-for-teens\/","url":"https:\/\/relaunch.cosmacon.de\/en\/skin-care-for-teens\/","name":"Skin care for teens - acne - oily skin - Cosmacon","isPartOf":{"@id":"https:\/\/relaunch.cosmacon.de\/#website"},"datePublished":"2023-02-12T11:46:52+00:00","dateModified":"2023-02-12T11:47:37+00:00","inLanguage":"en-US","potentialAction":[{"@type":"ReadAction","target":["https:\/\/relaunch.cosmacon.de\/en\/skin-care-for-teens\/"]}]},{"@type":"WebSite","@id":"https:\/\/relaunch.cosmacon.de\/#website","url":"https:\/\/relaunch.cosmacon.de\/","name":"Cosmacon","description":"","potentialAction":[{"@type":"SearchAction","target":{"@type":"EntryPoint","urlTemplate":"https:\/\/relaunch.cosmacon.de\/?s={search_term_string}"},"query-input":"required name=search_term_string"}],"inLanguage":"en-US"}]}},"_links":{"self":[{"href":"https:\/\/relaunch.cosmacon.de\/en\/wp-json\/wp\/v2\/pages\/12807"}],"collection":[{"href":"https:\/\/relaunch.cosmacon.de\/en\/wp-json\/wp\/v2\/pages"}],"about":[{"href":"https:\/\/relaunch.cosmacon.de\/en\/wp-json\/wp\/v2\/types\/page"}],"author":[{"embeddable":true,"href":"https:\/\/relaunch.cosmacon.de\/en\/wp-json\/wp\/v2\/users\/2"}],"replies":[{"embeddable":true,"href":"https:\/\/relaunch.cosmacon.de\/en\/wp-json\/wp\/v2\/comments?post=12807"}],"version-history":[{"count":2,"href":"https:\/\/relaunch.cosmacon.de\/en\/wp-json\/wp\/v2\/pages\/12807\/revisions"}],"predecessor-version":[{"id":12809,"href":"https:\/\/relaunch.cosmacon.de\/en\/wp-json\/wp\/v2\/pages\/12807\/revisions\/12809"}],"wp:attachment":[{"href":"https:\/\/relaunch.cosmacon.de\/en\/wp-json\/wp\/v2\/media?parent=12807"}],"curies":[{"name":"wp","href":"https:\/\/api.w.org\/{rel}","templated":true}]}}